{"id":2277,"date":"2022-05-25T16:09:33","date_gmt":"2022-05-25T14:09:33","guid":{"rendered":"https:\/\/kunej.com\/eng\/?page_id=2277"},"modified":"2024-03-15T08:59:36","modified_gmt":"2024-03-15T07:59:36","slug":"tasting-amidst-the-vineyards","status":"publish","type":"page","link":"https:\/\/kunej.com\/eng\/tasting-amidst-the-vineyards\/","title":{"rendered":"Tasting amidst the vineyards"},"content":{"rendered":"<style>.kb-row-layout-wrap.wp-block-kadence-rowlayout.kb-row-layout-id2277_256ceb-b0{margin-top:-470px;margin-bottom:0px;}.kb-row-layout-id2277_256ceb-b0 > .kt-row-column-wrap{align-content:start;}:where(.kb-row-layout-id2277_256ceb-b0 > .kt-row-column-wrap) > .wp-block-kadence-column{justify-content:start;}.kb-row-layout-id2277_256ceb-b0 > .kt-row-column-wrap{column-gap:var(--global-kb-gap-none, 0rem );row-gap:var(--global-kb-gap-none, 0rem );max-width:80%;margin-left:auto;margin-right:auto;padding-top:25px;padding-bottom:10px;grid-template-columns:minmax(0, calc(30% - ((var(--global-kb-gap-none, 0rem ) * 1 )\/2)))minmax(0, calc(70% - ((var(--global-kb-gap-none, 0rem ) * 1 )\/2)));}.kb-row-layout-id2277_256ceb-b0 > .kt-row-layout-overlay{opacity:0.23;background-image:url('https:\/\/kunej.com\/eng\/wp-content\/uploads\/2022\/05\/grape-vine-1.png');background-size:auto;background-position:81% 65%;background-attachment:scroll;background-repeat:no-repeat;}.kb-row-layout-id2277_256ceb-b0{z-index:2;position:relative;}.kb-row-layout-id2277_256ceb-b0 .kt-row-layout-bottom-sep{height:100px;}.kb-row-layout-id2277_256ceb-b0 .kt-row-layout-bottom-sep svg{width:100%;}.kb-row-layout-id2277_256ceb-b0 .kt-row-layout-bottom-sep svg{fill:#ffffff!important;}@media all and (max-width: 1024px){.kb-row-layout-id2277_256ceb-b0 > .kt-row-column-wrap{grid-template-columns:repeat(2, minmax(0, 1fr));}}@media all and (max-width: 1024px){.kb-row-layout-id2277_256ceb-b0 .kt-row-layout-bottom-sep{height:px;}}@media all and (max-width: 1024px){.kb-row-layout-id2277_256ceb-b0 .kt-row-layout-bottom-sep svg{width:%;}}@media all and (max-width: 767px){.kb-row-layout-wrap.wp-block-kadence-rowlayout.kb-row-layout-id2277_256ceb-b0{margin-top:-370px;}.kb-row-layout-id2277_256ceb-b0 > .kt-row-column-wrap{grid-template-columns:minmax(0, 1fr);}.kb-row-layout-id2277_256ceb-b0 .kt-row-layout-bottom-sep{height:px;}.kb-row-layout-id2277_256ceb-b0 .kt-row-layout-bottom-sep svg{width:%;}}<\/style><div class=\"kb-row-layout-wrap kb-row-layout-id2277_256ceb-b0 alignfull kt-row-has-bg wp-block-kadence-rowlayout\"><div class=\"kt-row-layout-overlay kt-row-overlay-normal\"><\/div><div class=\"kt-row-column-wrap kt-has-2-columns kt-row-layout-equal kt-tab-layout-inherit kt-mobile-layout-row kt-row-valign-top\">\n<style>.kadence-column2277_3d6c4e-56 > .kt-inside-inner-col,.kadence-column2277_3d6c4e-56 > .kt-inside-inner-col:before{border-top-left-radius:0px;border-top-right-radius:0px;border-bottom-right-radius:0px;border-bottom-left-radius:0px;}.kadence-column2277_3d6c4e-56 > .kt-inside-inner-col{column-gap:var(--global-kb-gap-sm, 1rem);}.kadence-column2277_3d6c4e-56 > .kt-inside-inner-col{flex-direction:column;}.kadence-column2277_3d6c4e-56 > .kt-inside-inner-col > .aligncenter{width:100%;}.kadence-column2277_3d6c4e-56 > .kt-inside-inner-col:before{opacity:0.3;}.kadence-column2277_3d6c4e-56{position:relative;}@media all and (max-width: 1024px){.kadence-column2277_3d6c4e-56 > .kt-inside-inner-col{flex-direction:column;justify-content:center;}}@media all and (max-width: 767px){.kadence-column2277_3d6c4e-56 > .kt-inside-inner-col{flex-direction:column;justify-content:center;}}<\/style>\n<div class=\"wp-block-kadence-column kadence-column2277_3d6c4e-56 inner-column-1\"><div class=\"kt-inside-inner-col\"><\/div><\/div>\n\n\n<style>.kadence-column2277_c46434-dc > .kt-inside-inner-col,.kadence-column2277_c46434-dc > .kt-inside-inner-col:before{border-top-left-radius:0px;border-top-right-radius:0px;border-bottom-right-radius:0px;border-bottom-left-radius:0px;}.kadence-column2277_c46434-dc > .kt-inside-inner-col{column-gap:var(--global-kb-gap-sm, 1rem);}.kadence-column2277_c46434-dc > .kt-inside-inner-col{flex-direction:column;}.kadence-column2277_c46434-dc > .kt-inside-inner-col > .aligncenter{width:100%;}.kadence-column2277_c46434-dc > .kt-inside-inner-col:before{opacity:0.3;}.kadence-column2277_c46434-dc{position:relative;}@media all and (max-width: 1024px){.kadence-column2277_c46434-dc > .kt-inside-inner-col{flex-direction:column;justify-content:center;}}@media all and (max-width: 767px){.kadence-column2277_c46434-dc > .kt-inside-inner-col{flex-direction:column;justify-content:center;}}<\/style>\n<div class=\"wp-block-kadence-column kadence-column2277_c46434-dc inner-column-2\"><div class=\"kt-inside-inner-col\"><style>.wp-block-kadence-spacer.kt-block-spacer-2277_c7e8c1-4f .kt-block-spacer{height:492px;}.wp-block-kadence-spacer.kt-block-spacer-2277_c7e8c1-4f .kt-divider{border-top-color:#ffffff;width:80%;border-top-style:solid;}<\/style>\n<div class=\"wp-block-kadence-spacer aligncenter kt-block-spacer-2277_c7e8c1-4f\"><div class=\"kt-block-spacer kt-block-spacer-halign-center\"><\/div><\/div>\n<\/div><\/div>\n\n<\/div><\/div>\n\n<style>.kb-row-layout-wrap.wp-block-kadence-rowlayout.kb-row-layout-id2277_e69689-40{margin-top:0px;margin-bottom:0px;}.kb-row-layout-id2277_e69689-40 > .kt-row-column-wrap{align-content:start;}:where(.kb-row-layout-id2277_e69689-40 > .kt-row-column-wrap) > .wp-block-kadence-column{justify-content:start;}.kb-row-layout-id2277_e69689-40 > .kt-row-column-wrap{column-gap:var(--global-kb-gap-none, 0rem );row-gap:var(--global-kb-gap-none, 0rem );max-width:100%;margin-left:auto;margin-right:auto;padding-top:0px;padding-right:0px;padding-bottom:120px;padding-left:0px;grid-template-columns:minmax(0, 1fr);}.kb-row-layout-id2277_e69689-40 > .kt-row-layout-overlay{opacity:0.30;}@media all and (max-width: 1024px){.kb-row-layout-id2277_e69689-40 > .kt-row-column-wrap{grid-template-columns:minmax(0, 1fr);}}@media all and (max-width: 767px){.kb-row-layout-wrap.wp-block-kadence-rowlayout.kb-row-layout-id2277_e69689-40{margin-top:0px;}.kb-row-layout-id2277_e69689-40 > .kt-row-column-wrap{padding-top:0px;grid-template-columns:minmax(0, 1fr);}}<\/style><div class=\"kb-row-layout-wrap kb-row-layout-id2277_e69689-40 alignfull wp-block-kadence-rowlayout\"><div class=\"kt-row-column-wrap kt-has-1-columns kt-row-layout-equal kt-tab-layout-inherit kt-mobile-layout-row kt-row-valign-top\">\n<style>.kadence-column2277_dfbb51-47 > .kt-inside-inner-col{padding-right:32%;padding-left:4%;}.kadence-column2277_dfbb51-47 > .kt-inside-inner-col,.kadence-column2277_dfbb51-47 > .kt-inside-inner-col:before{border-top-left-radius:0px;border-top-right-radius:0px;border-bottom-right-radius:0px;border-bottom-left-radius:0px;}.kadence-column2277_dfbb51-47 > .kt-inside-inner-col{column-gap:var(--global-kb-gap-sm, 1rem);}.kadence-column2277_dfbb51-47 > .kt-inside-inner-col{flex-direction:column;}.kadence-column2277_dfbb51-47 > .kt-inside-inner-col > .aligncenter{width:100%;}.kadence-column2277_dfbb51-47 > .kt-inside-inner-col:before{opacity:0.3;}.kadence-column2277_dfbb51-47{position:relative;}.kadence-column2277_dfbb51-47, .kt-inside-inner-col > .kadence-column2277_dfbb51-47:not(.specificity){margin-top:20px;}@media all and (max-width: 1024px){.kadence-column2277_dfbb51-47 > .kt-inside-inner-col{padding-right:5%;padding-left:5%;flex-direction:column;justify-content:center;}}@media all and (max-width: 767px){.kadence-column2277_dfbb51-47 > .kt-inside-inner-col{padding-top:0%;padding-right:7.5%;padding-bottom:0%;padding-left:7.5%;flex-direction:column;justify-content:center;}.kadence-column2277_dfbb51-47, .kt-inside-inner-col > .kadence-column2277_dfbb51-47:not(.specificity){margin-top:-110px;margin-right:0px;margin-bottom:0px;margin-left:0px;}}<\/style>\n<div class=\"wp-block-kadence-column kadence-column2277_dfbb51-47 inner-column-1\"><div class=\"kt-inside-inner-col\"><style>.wp-block-kadence-image.kb-image2277_24db99-8a:not(.kb-specificity-added):not(.kb-extra-specificity-added){margin-bottom:0px;}.kb-image2277_24db99-8a:not(.kb-image-is-ratio-size) .kb-img, .kb-image2277_24db99-8a.kb-image-is-ratio-size{padding-bottom:28px;}.kb-image2277_24db99-8a .kb-image-has-overlay:after{opacity:0.3;}<\/style>\n<figure class=\"wp-block-kadence-image kb-image2277_24db99-8a alignfull size-full\"><img decoding=\"async\" width=\"600\" height=\"400\" src=\"https:\/\/kunej.com\/eng\/wp-content\/uploads\/2022\/06\/photo016.png\" alt=\"Degustacija med vinogradi\" class=\"kb-img wp-image-2554\" srcset=\"https:\/\/kunej.com\/eng\/wp-content\/uploads\/2022\/06\/photo016.png 600w, https:\/\/kunej.com\/eng\/wp-content\/uploads\/2022\/06\/photo016-300x200.png 300w\" sizes=\"(max-width: 600px) 100vw, 600px\" \/><\/figure>\n\n\n<style>.wp-block-kadence-advancedheading.kt-adv-heading2277_34c1d3-2e, .wp-block-kadence-advancedheading.kt-adv-heading2277_34c1d3-2e[data-kb-block=\"kb-adv-heading2277_34c1d3-2e\"]{padding-bottom:10px;margin-top:33px;margin-right:60px;margin-bottom:0px;font-size:40px;line-height:42px;font-weight:700;font-style:normal;font-family:'Noto Sans';}.wp-block-kadence-advancedheading.kt-adv-heading2277_34c1d3-2e mark.kt-highlight, .wp-block-kadence-advancedheading.kt-adv-heading2277_34c1d3-2e[data-kb-block=\"kb-adv-heading2277_34c1d3-2e\"] mark.kt-highlight{font-style:normal;color:#f76a0c;-webkit-box-decoration-break:clone;box-decoration-break:clone;padding-right:0px;padding-left:0px;}@media all and (max-width: 1024px){.wp-block-kadence-advancedheading.kt-adv-heading2277_34c1d3-2e, .wp-block-kadence-advancedheading.kt-adv-heading2277_34c1d3-2e[data-kb-block=\"kb-adv-heading2277_34c1d3-2e\"]{margin-right:0px;}}<\/style>\n<h6 class=\"kt-adv-heading2277_34c1d3-2e wp-block-kadence-advancedheading\" data-kb-block=\"kb-adv-heading2277_34c1d3-2e\"><strong><strong>Tasting amidst the vineyards<\/strong><\/strong><\/h6>\n\n\n\n<p>Suggested circular route:<br>The meeting point is the parking lot at the school above the bank in Kr\u0161ko, then we continue along the Sremi\u010d Road to the first vineyard, Ro\u0161evo, where we stop for a 15-minute tour. Next, we make our way to the old Trappist vineyard by the old yew tree where we indulge in sparkling wine tasting, take a 15-minute tour, and take a photo by the yew tree. We then continue our journey to the Kunej stone cottage for a tour of the vineyards. On the terrace by the stone cottage, we also stop for a tasting of three bottled wines (white, ros\u00e9 and red) and homemade snacks. After the tasting, we continue to the Kunej homestead in Brestanica for another special tasting including chocolate wine and chocolates (2x chocolate truffles and 2x chocolate medallions). There, we have time to stop at our shop, well-stocked with local wines and chocolate products. For the sake of safety, we recommend our guests arrive with organized transportation with a driver (e.g. van shuttle, minibus).<\/p>\n\n\n\n<p>Price: 30 \u20ac per person (for 8 to 20 people). The price already includes 22% VAT.<\/p>\n<\/div><\/div>\n\n<\/div><\/div>","protected":false},"excerpt":{"rendered":"<p>Tasting amidst the vineyards Suggested circular route:The meeting point is the parking lot at the school above the bank in Kr\u0161ko, then we continue along the Sremi\u010d Road to the first vineyard, Ro\u0161evo, where we stop for a 15-minute tour. Next, we make our way to the old Trappist vineyard by the old yew tree [&hellip;]<\/p>\n","protected":false},"author":3,"featured_media":0,"parent":0,"menu_order":14,"comment_status":"closed","ping_status":"closed","template":"","meta":{"_kad_blocks_custom_css":"","_kad_blocks_head_custom_js":"","_kad_blocks_body_custom_js":"","_kad_blocks_footer_custom_js":"","footnotes":""},"class_list":["post-2277","page","type-page","status-publish","hentry"],"blocksy_meta":{"styles_descriptor":{"styles":{"desktop":"","tablet":"","mobile":""},"google_fonts":[],"version":6},"page_title_panel":"","has_hero_section":"default","6ea929c0ccf80bf416a4bc117c2e1898":"","hero_section":"type-1","hero_elements":[{"id":"custom_title","enabled":true,"heading_tag":"h1","title":"Home"},{"id":"custom_description","enabled":true,"description_visibility":{"desktop":true,"tablet":true,"mobile":false}},{"id":"custom_meta","enabled":false,"meta_elements":[{"id":"author","enabled":true,"label":"By","has_author_avatar":"yes","avatar_size":25},{"id":"post_date","enabled":true,"label":"On","date_format_source":"default","date_format":"M j, Y"},{"id":"updated_date","enabled":false,"label":"On","date_format_source":"default","date_format":"M j, Y"},{"id":"categories","enabled":false,"label":"In","style":"simple"},{"id":"comments","enabled":true}],"page_meta_elements":{"joined":true,"articles_count":true,"comments":true}},{"id":"breadcrumbs","enabled":false}],"dc30f700acfc977ddaaee90d14e659a0":"","hero_alignment1":"CT_CSS_SKIP_RULE","hero_margin":40,"hero_alignment2":"center","hero_vertical_alignment":"center","fb848e8cd9b2f7de102fb2396c77ba6e":"","hero_structure":"narrow","1b83df259520e2e81a3b317b54c65323":"","page_title_bg_type":"featured_image","custom_hero_background":{"attachment_id":null},"page_title_image_size":"full","parallax":{"desktop":false,"tablet":false,"mobile":false},"eadf9184f48066d7d4d5a8aa51e7f237":"","hero_height":"250px","pageTitleFont":{"family":"Default","variation":"Default","size":"30px","line-height":"CT_CSS_SKIP_RULE","letter-spacing":"CT_CSS_SKIP_RULE","text-transform":"CT_CSS_SKIP_RULE","text-decoration":"CT_CSS_SKIP_RULE"},"pageTitleFontColor":{"default":{"color":"CT_CSS_SKIP_RULEDEFAULT"}},"pageMetaFont":{"family":"Default","variation":"n6","size":"12px","line-height":"1.3","letter-spacing":"CT_CSS_SKIP_RULE","text-transform":"uppercase","text-decoration":"CT_CSS_SKIP_RULE"},"pageMetaFontColor":{"default":{"color":"CT_CSS_SKIP_RULEDEFAULT"},"hover":{"color":"CT_CSS_SKIP_RULEDEFAULT"}},"page_meta_button_type_font_colors":{"default":{"color":"CT_CSS_SKIP_RULEDEFAULT"},"hover":{"color":"CT_CSS_SKIP_RULEDEFAULT"}},"page_meta_button_type_background_colors":{"default":{"color":"CT_CSS_SKIP_RULEDEFAULT"},"hover":{"color":"CT_CSS_SKIP_RULEDEFAULT"}},"pageExcerptFont":{"family":"Default","variation":"Default","size":"CT_CSS_SKIP_RULE","line-height":"CT_CSS_SKIP_RULE","letter-spacing":"CT_CSS_SKIP_RULE","text-transform":"CT_CSS_SKIP_RULE","text-decoration":"CT_CSS_SKIP_RULE"},"pageExcerptColor":{"default":{"color":"CT_CSS_SKIP_RULEDEFAULT"}},"breadcrumbsFont":{"family":"Default","variation":"Default","size":"CT_CSS_SKIP_RULE","line-height":"CT_CSS_SKIP_RULE","letter-spacing":"CT_CSS_SKIP_RULE","text-transform":"CT_CSS_SKIP_RULE","text-decoration":"CT_CSS_SKIP_RULE"},"breadcrumbsFontColor":{"default":{"color":"CT_CSS_SKIP_RULEDEFAULT"},"initial":{"color":"CT_CSS_SKIP_RULEDEFAULT"},"hover":{"color":"CT_CSS_SKIP_RULEDEFAULT"}},"pageTitleOverlay":{"background_type":"color","background_pattern":"type-1","background_image":{"attachment_id":null,"x":0,"y":0},"gradient":"linear-gradient(135deg,rgba(6,147,227,1) 0%,rgb(155,81,224) 100%)","background_repeat":"repeat","background_size":"auto","background_attachment":"scroll","patternColor":{"default":{"color":"#e5e7ea"}},"overlayColor":{"default":{"color":"CT_CSS_SKIP_RULE"}},"backgroundColor":{"default":{"color":"CT_CSS_SKIP_RULE"}}},"pageTitleBackground":{"background_type":"color","background_pattern":"type-1","background_image":{"attachment_id":null,"x":0,"y":0},"gradient":"linear-gradient(135deg,rgba(6,147,227,1) 0%,rgb(155,81,224) 100%)","background_repeat":"repeat","background_size":"auto","background_attachment":"scroll","patternColor":{"default":{"color":"#e5e7ea"}},"overlayColor":{"default":{"color":"CT_CSS_SKIP_RULE"}},"backgroundColor":{"default":{"color":"var(--theme-palette-color-6)"}}},"pageTitlePadding":{"top":"50px","bottom":"50px","left":"auto","right":"auto","linked":true},"07d2514d004243ac3948011fd3febdd1":"","page_structure_type":"type-2","7667349ff5477360a28ea88eb7d1fe16":"","content_style_source":"inherit","content_style":"wide","vertical_spacing_source":"inherit","content_area_spacing":"both","background":{"background_type":"color","background_pattern":"type-1","background_image":{"attachment_id":null,"x":0,"y":0},"gradient":"linear-gradient(135deg,rgba(6,147,227,1) 0%,rgb(155,81,224) 100%)","background_repeat":"repeat","background_size":"auto","background_attachment":"scroll","patternColor":{"default":{"color":"#e5e7ea"}},"overlayColor":{"default":{"color":"CT_CSS_SKIP_RULE"}},"backgroundColor":{"default":{"color":"CT_CSS_SKIP_RULE"}}},"content_background":{"background_type":"color","background_pattern":"type-1","background_image":{"attachment_id":null,"x":0,"y":0},"gradient":"linear-gradient(135deg,rgba(6,147,227,1) 0%,rgb(155,81,224) 100%)","background_repeat":"repeat","background_size":"auto","background_attachment":"scroll","patternColor":{"default":{"color":"#e5e7ea"}},"overlayColor":{"default":{"color":"CT_CSS_SKIP_RULE"}},"backgroundColor":{"default":{"color":"var(--theme-palette-color-8)"}}},"content_boxed_shadow":{"inherit":false,"blur":18,"spread":-6,"v_offset":12,"h_offset":0,"inset":false,"enable":true,"color":{"color":"rgba(34, 56, 101, 0.04)"}},"content_boxed_border":{"width":1,"style":"none","color":{"color":"rgba(44,62,80,0.2)"}},"content_boxed_radius":{"top":"3px","bottom":"3px","left":"3px","right":"3px","linked":true},"boxed_content_spacing":{"desktop":{"top":"40px","bottom":"40px","left":"40px","right":"40px","linked":true},"tablet":{"top":"35px","bottom":"35px","left":"35px","right":"35px","linked":true},"mobile":{"top":"20px","bottom":"20px","left":"20px","right":"20px","linked":true}},"19e9eca5a204442f187cf6c044788f14":"","disable_featured_image":"no","disable_share_box":"no","disable_header":"no","disable_footer":"no","07c40c2f9eb2a5e86cc057f246e0337a":"","header_footer_scripts_panel":"","header_scripts":"","66e88edc142a14cda02402169f7ea918":"","header_after_body_scripts":"","b7c875ce07a1637ce10e1e36e42dde93":"","footer_scripts":"","f9acb0e7b86d0bbe95545b010e52332a":"","a91f302ff6ef4a209e194002be6cfdb4":"","32d42f35a6d6942e035d63035edaee75":"","4fd8f75254f0e737742a867817d41fe7":"","9a49fcc0b0706ea2f896aff2670689a0":"","cfcfe785a4d283a929fc25d2986ac5eb":"","24e2e8e812bfe00b71013c5b40bb9819":"","f7996c5d289e98823e9ab4c256b637b9":"","4466d74afe09d21ddb6fc7675cb66a1e":"","c27f8875b7b3d2871a95e8a107566916":"","7db1baed6febd6fc18cae6b8e0cce521":""},"acf":[],"taxonomy_info":[],"featured_image_src_large":false,"author_info":{"display_name":"david","author_link":"https:\/\/kunej.com\/eng\/author\/david\/"},"comment_info":0,"_links":{"self":[{"href":"https:\/\/kunej.com\/eng\/wp-json\/wp\/v2\/pages\/2277","targetHints":{"allow":["GET"]}}],"collection":[{"href":"https:\/\/kunej.com\/eng\/wp-json\/wp\/v2\/pages"}],"about":[{"href":"https:\/\/kunej.com\/eng\/wp-json\/wp\/v2\/types\/page"}],"author":[{"embeddable":true,"href":"https:\/\/kunej.com\/eng\/wp-json\/wp\/v2\/users\/3"}],"replies":[{"embeddable":true,"href":"https:\/\/kunej.com\/eng\/wp-json\/wp\/v2\/comments?post=2277"}],"version-history":[{"count":9,"href":"https:\/\/kunej.com\/eng\/wp-json\/wp\/v2\/pages\/2277\/revisions"}],"predecessor-version":[{"id":4638,"href":"https:\/\/kunej.com\/eng\/wp-json\/wp\/v2\/pages\/2277\/revisions\/4638"}],"wp:attachment":[{"href":"https:\/\/kunej.com\/eng\/wp-json\/wp\/v2\/media?parent=2277"}],"curies":[{"name":"wp","href":"https:\/\/api.w.org\/{rel}","templated":true}]}}