{"id":3760,"date":"2022-08-11T13:13:34","date_gmt":"2022-08-11T11:13:34","guid":{"rendered":"https:\/\/kunej.com\/eng\/?page_id=3760"},"modified":"2023-11-08T11:31:50","modified_gmt":"2023-11-08T10:31:50","slug":"chocolate-lollipops","status":"publish","type":"page","link":"https:\/\/kunej.com\/eng\/chocolate-lollipops\/","title":{"rendered":"Chocolate lollipops"},"content":{"rendered":"<style>.kb-row-layout-wrap.wp-block-kadence-rowlayout.kb-row-layout-id3760_a959ef-21{margin-top:-470px;margin-bottom:0px;}.kb-row-layout-id3760_a959ef-21 > .kt-row-column-wrap{align-content:start;}:where(.kb-row-layout-id3760_a959ef-21 > .kt-row-column-wrap) > .wp-block-kadence-column{justify-content:start;}.kb-row-layout-id3760_a959ef-21 > .kt-row-column-wrap{column-gap:var(--global-kb-gap-none, 0rem );row-gap:var(--global-kb-gap-none, 0rem );max-width:80%;margin-left:auto;margin-right:auto;padding-top:25px;padding-bottom:10px;grid-template-columns:minmax(0, calc(30% - ((var(--global-kb-gap-none, 0rem ) * 1 )\/2)))minmax(0, calc(70% - ((var(--global-kb-gap-none, 0rem ) * 1 )\/2)));}.kb-row-layout-id3760_a959ef-21 > .kt-row-layout-overlay{opacity:0.23;background-image:url('https:\/\/kunej.com\/eng\/wp-content\/uploads\/2022\/05\/grape-vine-1.png');background-size:auto;background-position:81% 65%;background-attachment:scroll;background-repeat:no-repeat;}.kb-row-layout-id3760_a959ef-21{z-index:2;position:relative;}.kb-row-layout-id3760_a959ef-21 .kt-row-layout-bottom-sep{height:100px;}.kb-row-layout-id3760_a959ef-21 .kt-row-layout-bottom-sep svg{width:100%;}.kb-row-layout-id3760_a959ef-21 .kt-row-layout-bottom-sep svg{fill:#ffffff!important;}@media all and (max-width: 1024px){.kb-row-layout-id3760_a959ef-21 > .kt-row-column-wrap{grid-template-columns:repeat(2, minmax(0, 1fr));}}@media all and (max-width: 1024px){.kb-row-layout-id3760_a959ef-21 .kt-row-layout-bottom-sep{height:px;}}@media all and (max-width: 1024px){.kb-row-layout-id3760_a959ef-21 .kt-row-layout-bottom-sep svg{width:%;}}@media all and (max-width: 767px){.kb-row-layout-wrap.wp-block-kadence-rowlayout.kb-row-layout-id3760_a959ef-21{margin-top:-370px;}.kb-row-layout-id3760_a959ef-21 > .kt-row-column-wrap{grid-template-columns:minmax(0, 1fr);}.kb-row-layout-id3760_a959ef-21 .kt-row-layout-bottom-sep{height:px;}.kb-row-layout-id3760_a959ef-21 .kt-row-layout-bottom-sep svg{width:%;}}<\/style><div class=\"kb-row-layout-wrap kb-row-layout-id3760_a959ef-21 alignfull kt-row-has-bg wp-block-kadence-rowlayout\"><div class=\"kt-row-layout-overlay kt-row-overlay-normal\"><\/div><div class=\"kt-row-column-wrap kt-has-2-columns kt-row-layout-equal kt-tab-layout-inherit kt-mobile-layout-row kt-row-valign-top\">\n<style>.kadence-column3760_e2235d-0c > .kt-inside-inner-col,.kadence-column3760_e2235d-0c > .kt-inside-inner-col:before{border-top-left-radius:0px;border-top-right-radius:0px;border-bottom-right-radius:0px;border-bottom-left-radius:0px;}.kadence-column3760_e2235d-0c > .kt-inside-inner-col{column-gap:var(--global-kb-gap-sm, 1rem);}.kadence-column3760_e2235d-0c > .kt-inside-inner-col{flex-direction:column;}.kadence-column3760_e2235d-0c > .kt-inside-inner-col > .aligncenter{width:100%;}.kadence-column3760_e2235d-0c > .kt-inside-inner-col:before{opacity:0.3;}.kadence-column3760_e2235d-0c{position:relative;}@media all and (max-width: 1024px){.kadence-column3760_e2235d-0c > .kt-inside-inner-col{flex-direction:column;justify-content:center;}}@media all and (max-width: 767px){.kadence-column3760_e2235d-0c > .kt-inside-inner-col{flex-direction:column;justify-content:center;}}<\/style>\n<div class=\"wp-block-kadence-column kadence-column3760_e2235d-0c inner-column-1\"><div class=\"kt-inside-inner-col\"><\/div><\/div>\n\n\n<style>.kadence-column3760_e23064-30 > .kt-inside-inner-col{display:flex;}.kadence-column3760_e23064-30 > .kt-inside-inner-col,.kadence-column3760_e23064-30 > .kt-inside-inner-col:before{border-top-left-radius:0px;border-top-right-radius:0px;border-bottom-right-radius:0px;border-bottom-left-radius:0px;}.kadence-column3760_e23064-30 > .kt-inside-inner-col{flex-direction:row;flex-wrap:wrap;align-items:center;}.kadence-column3760_e23064-30 > .kt-inside-inner-col > *, .kadence-column3760_e23064-30 > .kt-inside-inner-col > figure.wp-block-image, .kadence-column3760_e23064-30 > .kt-inside-inner-col > figure.wp-block-kadence-image{margin-top:0px;margin-bottom:0px;}.kadence-column3760_e23064-30 > .kt-inside-inner-col > .kb-image-is-ratio-size{flex-grow:1;}.kadence-column3760_e23064-30 > .kt-inside-inner-col:before{opacity:0.3;}.kadence-column3760_e23064-30{position:relative;}@media all and (max-width: 1024px){.kadence-column3760_e23064-30 > .kt-inside-inner-col{flex-direction:row;flex-wrap:wrap;align-items:center;}}@media all and (min-width: 768px) and (max-width: 1024px){.kadence-column3760_e23064-30 > .kt-inside-inner-col > *, .kadence-column3760_e23064-30 > .kt-inside-inner-col > figure.wp-block-image, .kadence-column3760_e23064-30 > .kt-inside-inner-col > figure.wp-block-kadence-image{margin-top:0px;margin-bottom:0px;}.kadence-column3760_e23064-30 > .kt-inside-inner-col > .kb-image-is-ratio-size{flex-grow:1;}}@media all and (max-width: 767px){.kadence-column3760_e23064-30 > .kt-inside-inner-col{flex-direction:row;flex-wrap:wrap;justify-content:flex-start;}.kadence-column3760_e23064-30 > .kt-inside-inner-col > *, .kadence-column3760_e23064-30 > .kt-inside-inner-col > figure.wp-block-image, .kadence-column3760_e23064-30 > .kt-inside-inner-col > figure.wp-block-kadence-image{margin-top:0px;margin-bottom:0px;}.kadence-column3760_e23064-30 > .kt-inside-inner-col > .kb-image-is-ratio-size{flex-grow:1;}}<\/style>\n<div class=\"wp-block-kadence-column kadence-column3760_e23064-30 kb-section-dir-horizontal inner-column-2\"><div class=\"kt-inside-inner-col\"><style>.wp-block-kadence-advancedheading.kt-adv-heading3760_e76337-3a, .wp-block-kadence-advancedheading.kt-adv-heading3760_e76337-3a[data-kb-block=\"kb-adv-heading3760_e76337-3a\"]{font-style:normal;}.wp-block-kadence-advancedheading.kt-adv-heading3760_e76337-3a mark.kt-highlight, .wp-block-kadence-advancedheading.kt-adv-heading3760_e76337-3a[data-kb-block=\"kb-adv-heading3760_e76337-3a\"] mark.kt-highlight{font-style:normal;color:#f76a0c;-webkit-box-decoration-break:clone;box-decoration-break:clone;padding-top:0px;padding-right:0px;padding-bottom:0px;padding-left:0px;}<\/style>\n<h2 class=\"kt-adv-heading3760_e76337-3a wp-block-kadence-advancedheading\" data-kb-block=\"kb-adv-heading3760_e76337-3a\"><\/h2>\n\n\n<style>.wp-block-kadence-spacer.kt-block-spacer-3760_75b013-0b .kt-block-spacer{height:492px;}.wp-block-kadence-spacer.kt-block-spacer-3760_75b013-0b .kt-divider{border-top-color:#ffffff;width:80%;border-top-style:solid;}<\/style>\n<div class=\"wp-block-kadence-spacer aligncenter kt-block-spacer-3760_75b013-0b\"><div class=\"kt-block-spacer kt-block-spacer-halign-center\"><\/div><\/div>\n<\/div><\/div>\n\n<\/div><\/div>\n\n<style>.kb-row-layout-wrap.wp-block-kadence-rowlayout.kb-row-layout-id3760_60bb17-9a{margin-top:0px;margin-bottom:0px;}.kb-row-layout-id3760_60bb17-9a > .kt-row-column-wrap{align-content:start;}:where(.kb-row-layout-id3760_60bb17-9a > .kt-row-column-wrap) > .wp-block-kadence-column{justify-content:start;}.kb-row-layout-id3760_60bb17-9a > .kt-row-column-wrap{column-gap:var(--global-kb-gap-none, 0rem );row-gap:var(--global-kb-gap-none, 0rem );max-width:100%;margin-left:auto;margin-right:auto;padding-top:0px;padding-right:0px;padding-bottom:0px;padding-left:0px;grid-template-columns:minmax(0, 1fr);}.kb-row-layout-id3760_60bb17-9a > .kt-row-layout-overlay{opacity:0.30;}@media all and (max-width: 1024px){.kb-row-layout-id3760_60bb17-9a > .kt-row-column-wrap{grid-template-columns:minmax(0, 1fr);}}@media all and (max-width: 767px){.kb-row-layout-wrap.wp-block-kadence-rowlayout.kb-row-layout-id3760_60bb17-9a{margin-top:0px;}.kb-row-layout-id3760_60bb17-9a > .kt-row-column-wrap{padding-top:0px;grid-template-columns:minmax(0, 1fr);}}<\/style><div class=\"kb-row-layout-wrap kb-row-layout-id3760_60bb17-9a alignfull wp-block-kadence-rowlayout\"><div class=\"kt-row-column-wrap kt-has-1-columns kt-row-layout-equal kt-tab-layout-inherit kt-mobile-layout-row kt-row-valign-top\">\n<style>.kadence-column3760_c324bb-ba > .kt-inside-inner-col{display:flex;}.kadence-column3760_c324bb-ba > .kt-inside-inner-col{padding-right:32%;padding-bottom:7%;padding-left:4%;}.kadence-column3760_c324bb-ba > .kt-inside-inner-col,.kadence-column3760_c324bb-ba > .kt-inside-inner-col:before{border-top-left-radius:0px;border-top-right-radius:0px;border-bottom-right-radius:0px;border-bottom-left-radius:0px;}.kadence-column3760_c324bb-ba > .kt-inside-inner-col{flex-direction:row;flex-wrap:wrap;align-items:center;}.kadence-column3760_c324bb-ba > .kt-inside-inner-col > *, .kadence-column3760_c324bb-ba > .kt-inside-inner-col > figure.wp-block-image, .kadence-column3760_c324bb-ba > .kt-inside-inner-col > figure.wp-block-kadence-image{margin-top:0px;margin-bottom:0px;}.kadence-column3760_c324bb-ba > .kt-inside-inner-col > .kb-image-is-ratio-size{flex-grow:1;}.kadence-column3760_c324bb-ba > .kt-inside-inner-col:before{opacity:0.3;}.kadence-column3760_c324bb-ba{position:relative;}.kadence-column3760_c324bb-ba, .kt-inside-inner-col > .kadence-column3760_c324bb-ba:not(.specificity){margin-top:20px;}@media all and (max-width: 1024px){.kadence-column3760_c324bb-ba > .kt-inside-inner-col{padding-right:5%;padding-left:5%;flex-direction:row;flex-wrap:wrap;align-items:center;}}@media all and (min-width: 768px) and (max-width: 1024px){.kadence-column3760_c324bb-ba > .kt-inside-inner-col > *, .kadence-column3760_c324bb-ba > .kt-inside-inner-col > figure.wp-block-image, .kadence-column3760_c324bb-ba > .kt-inside-inner-col > figure.wp-block-kadence-image{margin-top:0px;margin-bottom:0px;}.kadence-column3760_c324bb-ba > .kt-inside-inner-col > .kb-image-is-ratio-size{flex-grow:1;}}@media all and (max-width: 767px){.kadence-column3760_c324bb-ba > .kt-inside-inner-col{padding-top:0%;padding-right:7.5%;padding-bottom:0%;padding-left:7.5%;flex-direction:row;flex-wrap:wrap;justify-content:flex-start;}.kadence-column3760_c324bb-ba > .kt-inside-inner-col > *, .kadence-column3760_c324bb-ba > .kt-inside-inner-col > figure.wp-block-image, .kadence-column3760_c324bb-ba > .kt-inside-inner-col > figure.wp-block-kadence-image{margin-top:0px;margin-bottom:0px;}.kadence-column3760_c324bb-ba > .kt-inside-inner-col > .kb-image-is-ratio-size{flex-grow:1;}.kadence-column3760_c324bb-ba, .kt-inside-inner-col > .kadence-column3760_c324bb-ba:not(.specificity){margin-top:-110px;margin-right:0px;margin-bottom:0px;margin-left:0px;}}<\/style>\n<div class=\"wp-block-kadence-column kadence-column3760_c324bb-ba kb-section-dir-horizontal inner-column-1\"><div class=\"kt-inside-inner-col\"><style>.wp-block-kadence-image.kb-image3760_9000c3-8a:not(.kb-specificity-added):not(.kb-extra-specificity-added){margin-bottom:0px;}.kb-image3760_9000c3-8a:not(.kb-image-is-ratio-size) .kb-img, .kb-image3760_9000c3-8a.kb-image-is-ratio-size{padding-bottom:28px;}.kb-image3760_9000c3-8a .kb-image-has-overlay:after{opacity:0.3;}<\/style>\n<figure class=\"wp-block-kadence-image kb-image3760_9000c3-8a alignfull size-large\"><img decoding=\"async\" width=\"1024\" height=\"683\" src=\"https:\/\/kunej.com\/eng\/wp-content\/uploads\/2022\/08\/cokoladne_lizike-1024x683.jpg\" alt=\"\u010dokolade na pal\u010dki, \u010dokoladne lizike\" class=\"kb-img wp-image-3762\" srcset=\"https:\/\/kunej.com\/eng\/wp-content\/uploads\/2022\/08\/cokoladne_lizike-1024x683.jpg 1024w, https:\/\/kunej.com\/eng\/wp-content\/uploads\/2022\/08\/cokoladne_lizike-900x600.jpg 900w, https:\/\/kunej.com\/eng\/wp-content\/uploads\/2022\/08\/cokoladne_lizike-300x200.jpg 300w, https:\/\/kunej.com\/eng\/wp-content\/uploads\/2022\/08\/cokoladne_lizike-768x512.jpg 768w, https:\/\/kunej.com\/eng\/wp-content\/uploads\/2022\/08\/cokoladne_lizike.jpg 1500w\" sizes=\"(max-width: 1024px) 100vw, 1024px\" \/><\/figure>\n\n\n<style>.wp-block-kadence-advancedheading.kt-adv-heading3760_6ad05d-18, .wp-block-kadence-advancedheading.kt-adv-heading3760_6ad05d-18[data-kb-block=\"kb-adv-heading3760_6ad05d-18\"]{padding-bottom:10px;margin-top:33px;margin-right:60px;margin-bottom:0px;font-size:40px;line-height:40px;font-weight:700;font-style:normal;font-family:'Noto Sans';}.wp-block-kadence-advancedheading.kt-adv-heading3760_6ad05d-18 mark.kt-highlight, .wp-block-kadence-advancedheading.kt-adv-heading3760_6ad05d-18[data-kb-block=\"kb-adv-heading3760_6ad05d-18\"] mark.kt-highlight{font-style:normal;color:#f76a0c;-webkit-box-decoration-break:clone;box-decoration-break:clone;padding-right:0px;padding-left:0px;}@media all and (max-width: 1024px){.wp-block-kadence-advancedheading.kt-adv-heading3760_6ad05d-18, .wp-block-kadence-advancedheading.kt-adv-heading3760_6ad05d-18[data-kb-block=\"kb-adv-heading3760_6ad05d-18\"]{margin-right:0px;}}<\/style>\n<h6 class=\"kt-adv-heading3760_6ad05d-18 wp-block-kadence-advancedheading\" data-kb-block=\"kb-adv-heading3760_6ad05d-18\"><strong><strong>Chocolate lollipops<\/strong><\/strong><\/h6>\n\n\n<style>.wp-block-kadence-advancedheading.kt-adv-heading3760_4fb429-13, .wp-block-kadence-advancedheading.kt-adv-heading3760_4fb429-13[data-kb-block=\"kb-adv-heading3760_4fb429-13\"]{margin-right:60px;font-size:16px;line-height:28px;font-style:normal;}.wp-block-kadence-advancedheading.kt-adv-heading3760_4fb429-13 mark.kt-highlight, .wp-block-kadence-advancedheading.kt-adv-heading3760_4fb429-13[data-kb-block=\"kb-adv-heading3760_4fb429-13\"] mark.kt-highlight{font-style:normal;color:#f76a0c;-webkit-box-decoration-break:clone;box-decoration-break:clone;padding-right:0px;padding-left:0px;}@media all and (max-width: 1024px){.wp-block-kadence-advancedheading.kt-adv-heading3760_4fb429-13, .wp-block-kadence-advancedheading.kt-adv-heading3760_4fb429-13[data-kb-block=\"kb-adv-heading3760_4fb429-13\"]{margin-right:0px;}}<\/style>\n<h6 class=\"kt-adv-heading3760_4fb429-13 wp-block-kadence-advancedheading\" data-kb-block=\"kb-adv-heading3760_4fb429-13\"><em><em><em>The chocolate lollipops section includes animal-shaped milk chocolate lollipops. It also features a unique type of candy: prunes filled with marzipan, topped with a layer of white and a layer of dark chocolate.<\/em><\/em><\/em><\/h6>\n\n\n<div class=\"woocommerce columns-3 \"><ul class=\"products columns-3\" data-products=\"type-1\">\n<li class=\"product type-product post-2476 status-publish first instock product_cat-cokolade product_cat-cokolade-na-palcki has-post-thumbnail taxable shipping-taxable purchasable product-type-simple\">\n\t<a href=\"https:\/\/kunej.com\/eng\/izdelek\/chocolate-lollipops-18-g\/\" class=\"woocommerce-LoopProduct-link woocommerce-loop-product__link\"><img decoding=\"async\" width=\"600\" height=\"600\" src=\"https:\/\/kunej.com\/eng\/wp-content\/uploads\/2022\/05\/cokoladne-lizike-600x600.png\" class=\"attachment-woocommerce_thumbnail size-woocommerce_thumbnail\" alt=\"\u010cokoladna lizika, 18 g\" srcset=\"https:\/\/kunej.com\/eng\/wp-content\/uploads\/2022\/05\/cokoladne-lizike-600x600.png 600w, https:\/\/kunej.com\/eng\/wp-content\/uploads\/2022\/05\/cokoladne-lizike-100x100.png 100w, https:\/\/kunej.com\/eng\/wp-content\/uploads\/2022\/05\/cokoladne-lizike-300x300.png 300w, https:\/\/kunej.com\/eng\/wp-content\/uploads\/2022\/05\/cokoladne-lizike-150x150.png 150w, https:\/\/kunej.com\/eng\/wp-content\/uploads\/2022\/05\/cokoladne-lizike-768x768.png 768w, https:\/\/kunej.com\/eng\/wp-content\/uploads\/2022\/05\/cokoladne-lizike.png 800w\" sizes=\"(max-width: 600px) 100vw, 600px\" \/><h2 class=\"woocommerce-loop-product__title\">Chocolate lollipop, 18 g<\/h2>\t<div class=\"description\">\r\n\t\t<p>Animal-shaped milk chocolate lollipops: chocolate duck, sheep, cow, and rabbit. On a stick, suitable for children.<\/p>\n\t<\/div>\r\n\t\n\t<span class=\"price\"><span class=\"woocommerce-Price-amount amount\"><bdi>2,00&nbsp;<span class=\"woocommerce-Price-currencySymbol\">&euro;<\/span><\/bdi><\/span><\/span>\n<\/a><a href=\"\/eng\/wp-json\/wp\/v2\/pages\/3760?add-to-cart=2476\" aria-describedby=\"woocommerce_loop_add_to_cart_link_describedby_2476\" data-quantity=\"1\" class=\"button product_type_simple add_to_cart_button ajax_add_to_cart\" data-product_id=\"2476\" data-product_sku=\"\u010cL001\" aria-label=\"Add to cart: &ldquo;Chocolate lollipop, 18 g&rdquo;\" rel=\"nofollow\" data-success_message=\"&ldquo;Chocolate lollipop, 18 g&rdquo; has been added to your cart\" role=\"button\">Add to cart<\/a>\t<span id=\"woocommerce_loop_add_to_cart_link_describedby_2476\" class=\"screen-reader-text\">\n\t\t\t<\/span>\n<\/li>\n<\/ul>\n<\/div>\n<\/div><\/div>\n\n<\/div><\/div>","protected":false},"excerpt":{"rendered":"<p>Chocolate lollipops The chocolate lollipops section includes animal-shaped milk chocolate lollipops. It also features a unique type of candy: prunes filled with marzipan, topped with a layer of white and a layer of dark chocolate.<\/p>\n","protected":false},"author":3,"featured_media":0,"parent":0,"menu_order":6,"comment_status":"closed","ping_status":"closed","template":"","meta":{"_kad_blocks_custom_css":"","_kad_blocks_head_custom_js":"","_kad_blocks_body_custom_js":"","_kad_blocks_footer_custom_js":"","footnotes":""},"class_list":["post-3760","page","type-page","status-publish","hentry"],"blocksy_meta":{"styles_descriptor":{"styles":{"desktop":"","tablet":"","mobile":""},"google_fonts":[],"version":6},"page_title_panel":"","has_hero_section":"default","4cfed177a4954170c37b73aa0c29bf3c":"","hero_section":"type-1","hero_elements":[{"id":"custom_title","enabled":true,"heading_tag":"h1","title":"Home"},{"id":"custom_description","enabled":true,"description_visibility":{"desktop":true,"tablet":true,"mobile":false}},{"id":"custom_meta","enabled":false,"meta_elements":[{"id":"author","enabled":true,"label":"By","has_author_avatar":"yes","avatar_size":25},{"id":"post_date","enabled":true,"label":"On","date_format_source":"default","date_format":"M j, Y"},{"id":"updated_date","enabled":false,"label":"On","date_format_source":"default","date_format":"M j, Y"},{"id":"categories","enabled":false,"label":"In","style":"simple"},{"id":"comments","enabled":true}],"page_meta_elements":{"joined":true,"articles_count":true,"comments":true}},{"id":"breadcrumbs","enabled":false}],"5f13c836f6c4534483ee905422398a4b":"","hero_alignment1":"CT_CSS_SKIP_RULE","hero_margin":40,"hero_alignment2":"center","hero_vertical_alignment":"center","78186bd6f857b856b04b62aa6256d653":"","hero_structure":"narrow","2fcb4aa8eb14d77deed346df89432f2e":"","page_title_bg_type":"featured_image","custom_hero_background":{"attachment_id":null},"page_title_image_size":"full","parallax":{"desktop":false,"tablet":false,"mobile":false},"76b6997d5ae811e8104741e342633ec6":"","hero_height":"250px","pageTitleFont":{"family":"Default","variation":"Default","size":"30px","line-height":"CT_CSS_SKIP_RULE","letter-spacing":"CT_CSS_SKIP_RULE","text-transform":"CT_CSS_SKIP_RULE","text-decoration":"CT_CSS_SKIP_RULE"},"pageTitleFontColor":{"default":{"color":"CT_CSS_SKIP_RULEDEFAULT"}},"pageMetaFont":{"family":"Default","variation":"n6","size":"12px","line-height":"1.3","letter-spacing":"CT_CSS_SKIP_RULE","text-transform":"uppercase","text-decoration":"CT_CSS_SKIP_RULE"},"pageMetaFontColor":{"default":{"color":"CT_CSS_SKIP_RULEDEFAULT"},"hover":{"color":"CT_CSS_SKIP_RULEDEFAULT"}},"page_meta_button_type_font_colors":{"default":{"color":"CT_CSS_SKIP_RULEDEFAULT"},"hover":{"color":"CT_CSS_SKIP_RULEDEFAULT"}},"page_meta_button_type_background_colors":{"default":{"color":"CT_CSS_SKIP_RULEDEFAULT"},"hover":{"color":"CT_CSS_SKIP_RULEDEFAULT"}},"pageExcerptFont":{"family":"Default","variation":"Default","size":"CT_CSS_SKIP_RULE","line-height":"CT_CSS_SKIP_RULE","letter-spacing":"CT_CSS_SKIP_RULE","text-transform":"CT_CSS_SKIP_RULE","text-decoration":"CT_CSS_SKIP_RULE"},"pageExcerptColor":{"default":{"color":"CT_CSS_SKIP_RULEDEFAULT"}},"breadcrumbsFont":{"family":"Default","variation":"Default","size":"CT_CSS_SKIP_RULE","line-height":"CT_CSS_SKIP_RULE","letter-spacing":"CT_CSS_SKIP_RULE","text-transform":"CT_CSS_SKIP_RULE","text-decoration":"CT_CSS_SKIP_RULE"},"breadcrumbsFontColor":{"default":{"color":"CT_CSS_SKIP_RULEDEFAULT"},"initial":{"color":"CT_CSS_SKIP_RULEDEFAULT"},"hover":{"color":"CT_CSS_SKIP_RULEDEFAULT"}},"pageTitleOverlay":{"background_type":"color","background_pattern":"type-1","background_image":{"attachment_id":null,"x":0,"y":0},"gradient":"linear-gradient(135deg,rgba(6,147,227,1) 0%,rgb(155,81,224) 100%)","background_repeat":"repeat","background_size":"auto","background_attachment":"scroll","patternColor":{"default":{"color":"#e5e7ea"}},"overlayColor":{"default":{"color":"CT_CSS_SKIP_RULE"}},"backgroundColor":{"default":{"color":"CT_CSS_SKIP_RULE"}}},"pageTitleBackground":{"background_type":"color","background_pattern":"type-1","background_image":{"attachment_id":null,"x":0,"y":0},"gradient":"linear-gradient(135deg,rgba(6,147,227,1) 0%,rgb(155,81,224) 100%)","background_repeat":"repeat","background_size":"auto","background_attachment":"scroll","patternColor":{"default":{"color":"#e5e7ea"}},"overlayColor":{"default":{"color":"CT_CSS_SKIP_RULE"}},"backgroundColor":{"default":{"color":"var(--theme-palette-color-6)"}}},"pageTitlePadding":{"top":"50px","bottom":"50px","left":"auto","right":"auto","linked":true},"543b09a3a5d4e4eb894e477a69cb538d":"","page_structure_type":"type-2","321befac0ee7b7a2e11adedfa25fa6d9":"","content_style_source":"inherit","content_style":"wide","vertical_spacing_source":"inherit","content_area_spacing":"both","background":{"background_type":"color","background_pattern":"type-1","background_image":{"attachment_id":null,"x":0,"y":0},"gradient":"linear-gradient(135deg,rgba(6,147,227,1) 0%,rgb(155,81,224) 100%)","background_repeat":"repeat","background_size":"auto","background_attachment":"scroll","patternColor":{"default":{"color":"#e5e7ea"}},"overlayColor":{"default":{"color":"CT_CSS_SKIP_RULE"}},"backgroundColor":{"default":{"color":"CT_CSS_SKIP_RULE"}}},"content_background":{"background_type":"color","background_pattern":"type-1","background_image":{"attachment_id":null,"x":0,"y":0},"gradient":"linear-gradient(135deg,rgba(6,147,227,1) 0%,rgb(155,81,224) 100%)","background_repeat":"repeat","background_size":"auto","background_attachment":"scroll","patternColor":{"default":{"color":"#e5e7ea"}},"overlayColor":{"default":{"color":"CT_CSS_SKIP_RULE"}},"backgroundColor":{"default":{"color":"var(--theme-palette-color-8)"}}},"content_boxed_shadow":{"inherit":false,"blur":18,"spread":-6,"v_offset":12,"h_offset":0,"inset":false,"enable":true,"color":{"color":"rgba(34, 56, 101, 0.04)"}},"content_boxed_border":{"width":1,"style":"none","color":{"color":"rgba(44,62,80,0.2)"}},"content_boxed_radius":{"top":"3px","bottom":"3px","left":"3px","right":"3px","linked":true},"boxed_content_spacing":{"desktop":{"top":"40px","bottom":"40px","left":"40px","right":"40px","linked":true},"tablet":{"top":"35px","bottom":"35px","left":"35px","right":"35px","linked":true},"mobile":{"top":"20px","bottom":"20px","left":"20px","right":"20px","linked":true}},"ce89058733fb7a1e0ddb9dca60188247":"","disable_featured_image":"no","disable_share_box":"no","disable_header":"no","disable_footer":"no","76b38d4e45160b78e0bdca67917d8afd":"","header_footer_scripts_panel":"","header_scripts":"","5697d0e5772724b4fb791c22c88ac101":"","header_after_body_scripts":"","7c523379368bf58d50bf99f3a132b519":"","footer_scripts":""},"acf":[],"taxonomy_info":[],"featured_image_src_large":false,"author_info":{"display_name":"david","author_link":"https:\/\/kunej.com\/eng\/author\/david\/"},"comment_info":0,"_links":{"self":[{"href":"https:\/\/kunej.com\/eng\/wp-json\/wp\/v2\/pages\/3760","targetHints":{"allow":["GET"]}}],"collection":[{"href":"https:\/\/kunej.com\/eng\/wp-json\/wp\/v2\/pages"}],"about":[{"href":"https:\/\/kunej.com\/eng\/wp-json\/wp\/v2\/types\/page"}],"author":[{"embeddable":true,"href":"https:\/\/kunej.com\/eng\/wp-json\/wp\/v2\/users\/3"}],"replies":[{"embeddable":true,"href":"https:\/\/kunej.com\/eng\/wp-json\/wp\/v2\/comments?post=3760"}],"version-history":[{"count":6,"href":"https:\/\/kunej.com\/eng\/wp-json\/wp\/v2\/pages\/3760\/revisions"}],"predecessor-version":[{"id":4269,"href":"https:\/\/kunej.com\/eng\/wp-json\/wp\/v2\/pages\/3760\/revisions\/4269"}],"wp:attachment":[{"href":"https:\/\/kunej.com\/eng\/wp-json\/wp\/v2\/media?parent=3760"}],"curies":[{"name":"wp","href":"https:\/\/api.w.org\/{rel}","templated":true}]}}