{"id":2452,"date":"2022-05-30T15:35:29","date_gmt":"2022-05-30T13:35:29","guid":{"rendered":"https:\/\/kunej.com\/eng\/?post_type=product&#038;p=2452"},"modified":"2024-12-05T11:58:59","modified_gmt":"2024-12-05T10:58:59","slug":"velvet-rose-l-2021-075-l","status":"publish","type":"product","link":"https:\/\/kunej.com\/eng\/izdelek\/velvet-rose-l-2021-075-l\/","title":{"rendered":"VELVET ROS\u00c9 l.2021, 0,75 l"},"content":{"rendered":"","protected":false},"excerpt":{"rendered":"<p>VELVET Ros\u00e9 is a fresh ros\u00e9 wine 100% produced from \u017dametna \u010crnina from the Sremi\u010d site by the stone cottage. Due to the frost, the yield was about 0.5 kg per vine, but this helped the grapes to ripen to the maximum and we were able to produce a nice ros\u00e9 wine. It has a light and lively pink colour, tasting fresh and mineral. Dry and balanced.<\/p>\n<p>We recommend it either on its own or with light seafood and meat dishes, it also goes well with Asian dishes.<br \/>\nServe chilled at 7-9 \u00b0C (44.5-48 \u00b0F)<\/p>\n","protected":false},"featured_media":4179,"template":"","meta":{"_kad_blocks_custom_css":"","_kad_blocks_head_custom_js":"","_kad_blocks_body_custom_js":"","_kad_blocks_footer_custom_js":""},"product_brand":[],"product_cat":[114,51],"product_tag":[],"class_list":{"0":"post-2452","1":"product","2":"type-product","3":"status-publish","4":"has-post-thumbnail","6":"product_cat-klasicna-vina","7":"product_cat-vino","9":"first","10":"instock","11":"taxable","12":"shipping-taxable","13":"purchasable","14":"product-type-simple"},"acf":[],"taxonomy_info":{"product_cat":[{"value":114,"label":"Classic wine"},{"value":51,"label":"Wine"}]},"featured_image_src_large":["https:\/\/kunej.com\/eng\/wp-content\/uploads\/2022\/05\/Kunej-Velvet_obd-1.jpg",1000,1000,false],"author_info":[],"comment_info":"","_links":{"self":[{"href":"https:\/\/kunej.com\/eng\/wp-json\/wp\/v2\/product\/2452","targetHints":{"allow":["GET"]}}],"collection":[{"href":"https:\/\/kunej.com\/eng\/wp-json\/wp\/v2\/product"}],"about":[{"href":"https:\/\/kunej.com\/eng\/wp-json\/wp\/v2\/types\/product"}],"wp:featuredmedia":[{"embeddable":true,"href":"https:\/\/kunej.com\/eng\/wp-json\/wp\/v2\/media\/4179"}],"wp:attachment":[{"href":"https:\/\/kunej.com\/eng\/wp-json\/wp\/v2\/media?parent=2452"}],"wp:term":[{"taxonomy":"product_brand","embeddable":true,"href":"https:\/\/kunej.com\/eng\/wp-json\/wp\/v2\/product_brand?post=2452"},{"taxonomy":"product_cat","embeddable":true,"href":"https:\/\/kunej.com\/eng\/wp-json\/wp\/v2\/product_cat?post=2452"},{"taxonomy":"product_tag","embeddable":true,"href":"https:\/\/kunej.com\/eng\/wp-json\/wp\/v2\/product_tag?post=2452"}],"curies":[{"name":"wp","href":"https:\/\/api.w.org\/{rel}","templated":true}]}}