{"id":4655,"date":"2024-09-12T07:40:22","date_gmt":"2024-09-12T05:40:22","guid":{"rendered":"https:\/\/kunej.com\/eng\/?post_type=product&#038;p=4655"},"modified":"2024-12-05T12:00:41","modified_gmt":"2024-12-05T11:00:41","slug":"blaufrankisch-l-2022-075-l","status":"publish","type":"product","link":"https:\/\/kunej.com\/eng\/izdelek\/blaufrankisch-l-2022-075-l\/","title":{"rendered":"Blaufr\u00e4nkisch, l.2022, 0,75 l"},"content":{"rendered":"","protected":false},"excerpt":{"rendered":"<p>&#8220;Blaufr\u00e4nkisch&#8221; holds a special place in the Posavje wine-growing region. Our Blaufr\u00e4nkisch 2022 is an elegantly rich, dark red wine. The grapes for this wine come from an excellent vineyard location (Ro\u0161evo &#8211; Sremi\u010d), which enables above-average ripening. Aging in oak barrels for 15 months further enriches the wine, which boasts a fruity varietal bouquet, velvety tannins, full body, and pleasant drinkability. The wine is suitable for further aging in the bottle (up to 5 years).<\/p>\n<p>It can be enjoyed on its own or paired with a variety of dishes, including red meat, game, cured meats, selected cheeses, and other local delicacies from the Posavje region.<\/p>\n<p>The wine is best served at 16-18\u00b0C.<br \/>\nVineyard location:\u00a0 Ro\u0161evo, Sremi\u010d<br \/>\nWinemaking process: 14-day maceration, alcoholic and malolactic fermentation.<br \/>\nAging: 15 months in oak barrels.<\/p>\n<p>Alcohol content: 13% vol.<\/p>\n","protected":false},"featured_media":4196,"template":"","meta":{"_kad_blocks_custom_css":"","_kad_blocks_head_custom_js":"","_kad_blocks_body_custom_js":"","_kad_blocks_footer_custom_js":""},"product_brand":[],"product_cat":[114,51],"product_tag":[],"class_list":{"0":"post-4655","1":"product","2":"type-product","3":"status-publish","4":"has-post-thumbnail","6":"product_cat-klasicna-vina","7":"product_cat-vino","9":"first","10":"instock","11":"taxable","12":"shipping-taxable","13":"purchasable","14":"product-type-simple"},"acf":[],"taxonomy_info":{"product_cat":[{"value":114,"label":"Classic wine"},{"value":51,"label":"Wine"}]},"featured_image_src_large":["https:\/\/kunej.com\/eng\/wp-content\/uploads\/2023\/01\/modra_frankinja-kunej-1024x1024.jpg",1024,1024,true],"author_info":[],"comment_info":"","_links":{"self":[{"href":"https:\/\/kunej.com\/eng\/wp-json\/wp\/v2\/product\/4655","targetHints":{"allow":["GET"]}}],"collection":[{"href":"https:\/\/kunej.com\/eng\/wp-json\/wp\/v2\/product"}],"about":[{"href":"https:\/\/kunej.com\/eng\/wp-json\/wp\/v2\/types\/product"}],"wp:featuredmedia":[{"embeddable":true,"href":"https:\/\/kunej.com\/eng\/wp-json\/wp\/v2\/media\/4196"}],"wp:attachment":[{"href":"https:\/\/kunej.com\/eng\/wp-json\/wp\/v2\/media?parent=4655"}],"wp:term":[{"taxonomy":"product_brand","embeddable":true,"href":"https:\/\/kunej.com\/eng\/wp-json\/wp\/v2\/product_brand?post=4655"},{"taxonomy":"product_cat","embeddable":true,"href":"https:\/\/kunej.com\/eng\/wp-json\/wp\/v2\/product_cat?post=4655"},{"taxonomy":"product_tag","embeddable":true,"href":"https:\/\/kunej.com\/eng\/wp-json\/wp\/v2\/product_tag?post=4655"}],"curies":[{"name":"wp","href":"https:\/\/api.w.org\/{rel}","templated":true}]}}